{"id":24717,"date":"2023-06-26T09:11:52","date_gmt":"2023-06-26T07:11:52","guid":{"rendered":"https:\/\/pinanson.eu\/?post_type=product&#038;p=24717"},"modified":"2023-06-26T09:40:56","modified_gmt":"2023-06-26T07:40:56","slug":"patch-panel-fibre-optics-removable-tray","status":"publish","type":"product","link":"https:\/\/pinanson.eu\/en\/shop\/signal-distribution\/fibre-optic-distributors\/patch-panel-fibre-optics-removable-tray\/","title":{"rendered":"Patch panel fibre optics. Removable tray"},"content":{"rendered":"<div class=\"fusion-fullwidth fullwidth-box fusion-builder-row-1 fusion-flex-container nonhundred-percent-fullwidth non-hundred-percent-height-scrolling\" style=\"--awb-border-radius-top-left:0px;--awb-border-radius-top-right:0px;--awb-border-radius-bottom-right:0px;--awb-border-radius-bottom-left:0px;--awb-flex-wrap:wrap;\" ><div class=\"fusion-builder-row fusion-row fusion-flex-align-items-flex-start fusion-flex-content-wrap\" style=\"max-width:1248px;margin-left: calc(-4% \/ 2 );margin-right: calc(-4% \/ 2 );\"><div class=\"fusion-layout-column fusion_builder_column fusion-builder-column-0 fusion_builder_column_1_1 1_1 fusion-flex-column\" style=\"--awb-bg-size:cover;--awb-width-large:100%;--awb-margin-top-large:0px;--awb-spacing-right-large:1.92%;--awb-margin-bottom-large:0px;--awb-spacing-left-large:1.92%;--awb-width-medium:100%;--awb-spacing-right-medium:1.92%;--awb-spacing-left-medium:1.92%;--awb-width-small:100%;--awb-spacing-right-small:1.92%;--awb-spacing-left-small:1.92%;\"><div class=\"fusion-column-wrapper fusion-flex-justify-content-flex-start fusion-content-layout-column\"><div class=\"fusion-text fusion-text-1\">\n<table id=\"tablepress-266\" class=\"tablepress tablepress-id-266\">\n<tbody class=\"row-striping row-hover\">\n<tr class=\"row-1\">\n\t<td class=\"column-1\"><strong>Nombre:<\/strong><\/td><td class=\"column-2\"><strong>Name:<\/strong><\/td><td class=\"column-3\"><strong><\/strong><\/td><td class=\"column-4\"><strong><\/strong><\/td><td class=\"column-5\">Patch panel Fibra \u00f3ptica. Bandeja extra\u00edble<\/td><td class=\"column-6\">Fiber optic patch panel. Removable tray<\/td><td class=\"column-7\"><\/td>\n<\/tr>\n<tr class=\"row-2\">\n\t<td class=\"column-1\"><strong>Emplazamiento:<\/strong><\/td><td class=\"column-2\"><strong>Position:<\/strong><\/td><td class=\"column-3\"><strong><\/strong><\/td><td class=\"column-4\"><strong><\/strong><\/td><td class=\"column-5\">Atornillable en Rack<\/td><td class=\"column-6\">Rack screw mounting<\/td><td class=\"column-7\"><\/td>\n<\/tr>\n<tr class=\"row-3\">\n\t<td class=\"column-1\"><strong>Conexi\u00f3n:<\/strong><\/td><td class=\"column-2\"><strong>Connection:<\/strong><\/td><td class=\"column-3\"><strong><\/strong><\/td><td class=\"column-4\"><strong><\/strong><\/td><td class=\"column-5\">Perpendicular al rack<\/td><td class=\"column-6\">Perpendicular to the rack<\/td><td class=\"column-7\"><\/td>\n<\/tr>\n<tr class=\"row-4\">\n\t<td class=\"column-1\"><strong>Material<\/strong><\/td><td class=\"column-2\"><strong><\/strong><\/td><td class=\"column-3\"><strong>Panel frontal:<\/strong><\/td><td class=\"column-4\"><strong>Frontal Panel:<\/strong><\/td><td class=\"column-5\">Aluminio extrusionado<\/td><td class=\"column-6\">Extruded aluminium<\/td><td class=\"column-7\"><\/td>\n<\/tr>\n<tr class=\"row-5\">\n\t<td class=\"column-1\"><strong><\/strong><\/td><td class=\"column-2\"><strong><\/strong><\/td><td class=\"column-3\"><strong>Caja distribuidora:<\/strong><\/td><td class=\"column-4\"><strong>Tray:<\/strong><\/td><td class=\"column-5\">Acero laminado en fr\u00edo UNE 36086-91<\/td><td class=\"column-6\">Cold rolled steel UNE 36086-91<\/td><td class=\"column-7\"><\/td>\n<\/tr>\n<tr class=\"row-6\">\n\t<td class=\"column-1\"><strong>Conectores:<\/strong><\/td><td class=\"column-2\"><strong>Connectors:<\/strong><\/td><td class=\"column-3\"><strong>Conectores necesarios en cada instalaci\u00f3n.<\/strong><\/td><td class=\"column-4\"><strong>Needed connectors on installations.<\/strong><\/td><td class=\"column-5\"><\/td><td class=\"column-6\"><\/td><td class=\"column-7\"><\/td>\n<\/tr>\n<tr class=\"row-7\">\n\t<td class=\"column-1\"><strong>Componentes incluidos:<\/strong><\/td><td class=\"column-2\"><strong>Included components:<\/strong><\/td><td class=\"column-3\"><strong><\/strong><\/td><td class=\"column-4\"><strong><\/strong><\/td><td class=\"column-5\"><\/td><td class=\"column-6\"><\/td><td class=\"column-7\"><\/td>\n<\/tr>\n<tr class=\"row-8\">\n\t<td class=\"column-1\"><strong><\/strong><\/td><td class=\"column-2\"><strong><\/strong><\/td><td class=\"column-3\"><strong>6 Gu\u00edas para fibras<\/strong><\/td><td class=\"column-4\"><strong>6 fiber guides<\/strong><\/td><td class=\"column-5\"><\/td><td class=\"column-6\"><\/td><td class=\"column-7\"><\/td>\n<\/tr>\n<tr class=\"row-9\">\n\t<td class=\"column-1\"><strong><\/strong><\/td><td class=\"column-2\"><strong><\/strong><\/td><td class=\"column-3\"><strong>1 Cassete de empalme para 24 fusiones<\/strong><\/td><td class=\"column-4\"><strong>1 splicing cassette for 24 fusions<\/strong><\/td><td class=\"column-5\"><\/td><td class=\"column-6\"><\/td><td class=\"column-7\"><\/td>\n<\/tr>\n<tr class=\"row-10\">\n\t<td class=\"column-1\"><strong><\/strong><\/td><td class=\"column-2\"><strong><\/strong><\/td><td class=\"column-3\"><strong>2 Prensaestopas<\/strong><\/td><td class=\"column-4\"><strong>2 cable glands<\/strong><\/td><td class=\"column-5\"><\/td><td class=\"column-6\"><\/td><td class=\"column-7\"><\/td>\n<\/tr>\n<tr class=\"row-11\">\n\t<td class=\"column-1\"><strong>Acabado:<\/strong><\/td><td class=\"column-2\"><strong>Finish:<\/strong><\/td><td class=\"column-3\"><strong><\/strong><\/td><td class=\"column-4\"><strong><\/strong><\/td><td class=\"column-5\">Recubrimiento electroest\u00e1tico en polvo 100-150 \u00b5. Bajo petici\u00f3n, color e Impresi\u00f3n directa con texto, logotipos, etc.<\/td><td class=\"column-6\">Powder electrostatic covering 100-150 \u03bc. Colour and direct print with text, logos, etc. on request<\/td><td class=\"column-7\"><\/td>\n<\/tr>\n<tr class=\"row-12\">\n\t<td class=\"column-1\"><strong>Dimesiones mm (An X Al x F):<\/strong><\/td><td class=\"column-2\"><strong>Dimmensions mm (W X H X D):<\/strong><\/td><td class=\"column-3\"><strong><\/strong><\/td><td class=\"column-4\"><strong><\/strong><\/td><td class=\"column-5\">483 X 44,45 X 250<\/td><td class=\"column-6\">484 X 44,45 X 250<\/td><td class=\"column-7\"><\/td>\n<\/tr>\n<\/tbody>\n<\/table>\n<!-- #tablepress-266 from cache -->\n<\/div><\/div><\/div><\/div><\/div>\n","protected":false},"excerpt":{"rendered":"<table class=\"box24\">\n<tbody>\n<tr>\n<td class=\"label\" colspan=\"2\">Fibre Optic Patch Panel for termination or patching inputs and outputs with Fibre Optic connectors.<\/td>\n<\/tr>\n<tr>\n<td class=\"label\">Place<\/td>\n<td class=\"value\">Rack screw mounting<\/td>\n<\/tr>\n<tr>\n<td class=\"label\">Format<\/td>\n<td class=\"value\">19&#8221; with removable tray<\/td>\n<\/tr>\n<tr>\n<td class=\"label\">Manufactured<\/td>\n<td class=\"value\">In Spain by Pinanson S.L.<\/td>\n<\/tr>\n<\/tbody>\n<\/table>\n","protected":false},"featured_media":12115,"template":"","meta":{"_acf_changed":false,"_joinchat":[]},"product_brand":[],"product_cat":[5040,263],"product_tag":[],"class_list":{"0":"post-24717","1":"product","2":"type-product","3":"status-publish","4":"has-post-thumbnail","6":"product_cat-fibre-optic-distributors","7":"product_cat-patch-panels","8":"pa_conectores-16-161x16-en","9":"pa_conectores-80-241x24-en","10":"pa_conectores-6-1x6-en","11":"pa_tipo-lc-duplex-mm-en","12":"pa_tipo-lc-duplex-sm-en","13":"pa_tipo-sc-duplex-mm-en","14":"pa_tipo-sc-duplex-sm-en","15":"pa_tipo-sc-mm-en","16":"pa_tipo-sc-sm-en","17":"tm-has-options","19":"first","20":"instock","21":"taxable","22":"shipping-taxable","23":"purchasable","24":"product-type-simple"},"composite_virtual":false,"composite_layout":"","composite_add_to_cart_form_location":"","composite_editable_in_cart":false,"composite_sold_individually_context":"","composite_shop_price_calc":"","composite_components":[],"composite_scenarios":[],"acf":[],"yoast_head":"<!-- This site is optimized with the Yoast SEO plugin v27.4 - https:\/\/yoast.com\/product\/yoast-seo-wordpress\/ -->\n<title>Patch panel fibre optics. Removable tray - Pinanson<\/title>\n<meta name=\"description\" content=\"Patch Panel de Fibra \u00f3ptica para terminaci\u00f3n o Patcheo de entradas y salidas con conectores Fibra \u00f3ptica.\" \/>\n<meta name=\"robots\" content=\"index, follow, max-snippet:-1, max-image-preview:large, max-video-preview:-1\" \/>\n<link rel=\"canonical\" href=\"https:\/\/pinanson.eu\/en\/shop\/signal-distribution\/fibre-optic-distributors\/patch-panel-fibre-optics-removable-tray\/\" \/>\n<meta property=\"og:locale\" content=\"en_US\" \/>\n<meta property=\"og:type\" content=\"article\" \/>\n<meta property=\"og:title\" content=\"Patch panel fibre optics. Removable tray - Pinanson\" \/>\n<meta property=\"og:description\" content=\"Patch Panel de Fibra \u00f3ptica para terminaci\u00f3n o Patcheo de entradas y salidas con conectores Fibra \u00f3ptica.\" \/>\n<meta property=\"og:url\" content=\"https:\/\/pinanson.eu\/en\/shop\/signal-distribution\/fibre-optic-distributors\/patch-panel-fibre-optics-removable-tray\/\" \/>\n<meta property=\"og:site_name\" content=\"Pinanson\" \/>\n<meta property=\"article:modified_time\" content=\"2023-06-26T07:40:56+00:00\" \/>\n<meta property=\"og:image\" content=\"https:\/\/pinanson.eu\/wp-content\/uploads\/2015\/03\/21.11.17-041_.jpg\" \/>\n\t<meta property=\"og:image:width\" content=\"800\" \/>\n\t<meta property=\"og:image:height\" content=\"533\" \/>\n\t<meta property=\"og:image:type\" content=\"image\/jpeg\" \/>\n<meta name=\"twitter:card\" content=\"summary_large_image\" \/>\n<meta name=\"twitter:label1\" content=\"Est. reading time\" \/>\n\t<meta name=\"twitter:data1\" content=\"1 minute\" \/>\n<script type=\"application\/ld+json\" class=\"yoast-schema-graph\">{\"@context\":\"https:\\\/\\\/schema.org\",\"@graph\":[{\"@type\":\"WebPage\",\"@id\":\"https:\\\/\\\/pinanson.eu\\\/en\\\/shop\\\/signal-distribution\\\/fibre-optic-distributors\\\/patch-panel-fibre-optics-removable-tray\\\/\",\"url\":\"https:\\\/\\\/pinanson.eu\\\/en\\\/shop\\\/signal-distribution\\\/fibre-optic-distributors\\\/patch-panel-fibre-optics-removable-tray\\\/\",\"name\":\"Patch panel fibre optics. Removable tray - Pinanson\",\"isPartOf\":{\"@id\":\"https:\\\/\\\/pinanson.eu\\\/#website\"},\"primaryImageOfPage\":{\"@id\":\"https:\\\/\\\/pinanson.eu\\\/en\\\/shop\\\/signal-distribution\\\/fibre-optic-distributors\\\/patch-panel-fibre-optics-removable-tray\\\/#primaryimage\"},\"image\":{\"@id\":\"https:\\\/\\\/pinanson.eu\\\/en\\\/shop\\\/signal-distribution\\\/fibre-optic-distributors\\\/patch-panel-fibre-optics-removable-tray\\\/#primaryimage\"},\"thumbnailUrl\":\"https:\\\/\\\/pinanson.eu\\\/wp-content\\\/uploads\\\/2015\\\/03\\\/21.11.17-041_.jpg\",\"datePublished\":\"2023-06-26T07:11:52+00:00\",\"dateModified\":\"2023-06-26T07:40:56+00:00\",\"description\":\"Patch Panel de Fibra \u00f3ptica para terminaci\u00f3n o Patcheo de entradas y salidas con conectores Fibra \u00f3ptica.\",\"breadcrumb\":{\"@id\":\"https:\\\/\\\/pinanson.eu\\\/en\\\/shop\\\/signal-distribution\\\/fibre-optic-distributors\\\/patch-panel-fibre-optics-removable-tray\\\/#breadcrumb\"},\"inLanguage\":\"en-US\",\"potentialAction\":[{\"@type\":\"ReadAction\",\"target\":[\"https:\\\/\\\/pinanson.eu\\\/en\\\/shop\\\/signal-distribution\\\/fibre-optic-distributors\\\/patch-panel-fibre-optics-removable-tray\\\/\"]}]},{\"@type\":\"ImageObject\",\"inLanguage\":\"en-US\",\"@id\":\"https:\\\/\\\/pinanson.eu\\\/en\\\/shop\\\/signal-distribution\\\/fibre-optic-distributors\\\/patch-panel-fibre-optics-removable-tray\\\/#primaryimage\",\"url\":\"https:\\\/\\\/pinanson.eu\\\/wp-content\\\/uploads\\\/2015\\\/03\\\/21.11.17-041_.jpg\",\"contentUrl\":\"https:\\\/\\\/pinanson.eu\\\/wp-content\\\/uploads\\\/2015\\\/03\\\/21.11.17-041_.jpg\",\"width\":800,\"height\":533,\"caption\":\"patch panel fibre optics\"},{\"@type\":\"BreadcrumbList\",\"@id\":\"https:\\\/\\\/pinanson.eu\\\/en\\\/shop\\\/signal-distribution\\\/fibre-optic-distributors\\\/patch-panel-fibre-optics-removable-tray\\\/#breadcrumb\",\"itemListElement\":[{\"@type\":\"ListItem\",\"position\":1,\"name\":\"Home\",\"item\":\"https:\\\/\\\/pinanson.eu\\\/\"},{\"@type\":\"ListItem\",\"position\":2,\"name\":\"Shop\",\"item\":\"https:\\\/\\\/pinanson.eu\\\/en\\\/shop\\\/\"},{\"@type\":\"ListItem\",\"position\":3,\"name\":\"Patch panel fibre optics. Removable tray\"}]},{\"@type\":\"WebSite\",\"@id\":\"https:\\\/\\\/pinanson.eu\\\/#website\",\"url\":\"https:\\\/\\\/pinanson.eu\\\/\",\"name\":\"Pinanson\",\"description\":\"Connectivity Solutions\",\"publisher\":{\"@id\":\"https:\\\/\\\/pinanson.eu\\\/#organization\"},\"potentialAction\":[{\"@type\":\"SearchAction\",\"target\":{\"@type\":\"EntryPoint\",\"urlTemplate\":\"https:\\\/\\\/pinanson.eu\\\/?s={search_term_string}\"},\"query-input\":{\"@type\":\"PropertyValueSpecification\",\"valueRequired\":true,\"valueName\":\"search_term_string\"}}],\"inLanguage\":\"en-US\"},{\"@type\":\"Organization\",\"@id\":\"https:\\\/\\\/pinanson.eu\\\/#organization\",\"name\":\"Pinanson\",\"url\":\"https:\\\/\\\/pinanson.eu\\\/\",\"logo\":{\"@type\":\"ImageObject\",\"inLanguage\":\"en-US\",\"@id\":\"https:\\\/\\\/pinanson.eu\\\/#\\\/schema\\\/logo\\\/image\\\/\",\"url\":\"https:\\\/\\\/pinanson.eu\\\/wp-content\\\/uploads\\\/2017\\\/07\\\/LOGO_PINANSON_H60_Slogan_ES.png\",\"contentUrl\":\"https:\\\/\\\/pinanson.eu\\\/wp-content\\\/uploads\\\/2017\\\/07\\\/LOGO_PINANSON_H60_Slogan_ES.png\",\"width\":303,\"height\":60,\"caption\":\"Pinanson\"},\"image\":{\"@id\":\"https:\\\/\\\/pinanson.eu\\\/#\\\/schema\\\/logo\\\/image\\\/\"},\"sameAs\":[\"https:\\\/\\\/linkedin.com\\\/Pinanson\\\/\"]}]}<\/script>\n<!-- \/ Yoast SEO plugin. -->","yoast_head_json":{"title":"Patch panel fibre optics. Removable tray - Pinanson","description":"Patch Panel de Fibra \u00f3ptica para terminaci\u00f3n o Patcheo de entradas y salidas con conectores Fibra \u00f3ptica.","robots":{"index":"index","follow":"follow","max-snippet":"max-snippet:-1","max-image-preview":"max-image-preview:large","max-video-preview":"max-video-preview:-1"},"canonical":"https:\/\/pinanson.eu\/en\/shop\/signal-distribution\/fibre-optic-distributors\/patch-panel-fibre-optics-removable-tray\/","og_locale":"en_US","og_type":"article","og_title":"Patch panel fibre optics. Removable tray - Pinanson","og_description":"Patch Panel de Fibra \u00f3ptica para terminaci\u00f3n o Patcheo de entradas y salidas con conectores Fibra \u00f3ptica.","og_url":"https:\/\/pinanson.eu\/en\/shop\/signal-distribution\/fibre-optic-distributors\/patch-panel-fibre-optics-removable-tray\/","og_site_name":"Pinanson","article_modified_time":"2023-06-26T07:40:56+00:00","og_image":[{"width":800,"height":533,"url":"https:\/\/pinanson.eu\/wp-content\/uploads\/2015\/03\/21.11.17-041_.jpg","type":"image\/jpeg"}],"twitter_card":"summary_large_image","twitter_misc":{"Est. reading time":"1 minute"},"schema":{"@context":"https:\/\/schema.org","@graph":[{"@type":"WebPage","@id":"https:\/\/pinanson.eu\/en\/shop\/signal-distribution\/fibre-optic-distributors\/patch-panel-fibre-optics-removable-tray\/","url":"https:\/\/pinanson.eu\/en\/shop\/signal-distribution\/fibre-optic-distributors\/patch-panel-fibre-optics-removable-tray\/","name":"Patch panel fibre optics. Removable tray - Pinanson","isPartOf":{"@id":"https:\/\/pinanson.eu\/#website"},"primaryImageOfPage":{"@id":"https:\/\/pinanson.eu\/en\/shop\/signal-distribution\/fibre-optic-distributors\/patch-panel-fibre-optics-removable-tray\/#primaryimage"},"image":{"@id":"https:\/\/pinanson.eu\/en\/shop\/signal-distribution\/fibre-optic-distributors\/patch-panel-fibre-optics-removable-tray\/#primaryimage"},"thumbnailUrl":"https:\/\/pinanson.eu\/wp-content\/uploads\/2015\/03\/21.11.17-041_.jpg","datePublished":"2023-06-26T07:11:52+00:00","dateModified":"2023-06-26T07:40:56+00:00","description":"Patch Panel de Fibra \u00f3ptica para terminaci\u00f3n o Patcheo de entradas y salidas con conectores Fibra \u00f3ptica.","breadcrumb":{"@id":"https:\/\/pinanson.eu\/en\/shop\/signal-distribution\/fibre-optic-distributors\/patch-panel-fibre-optics-removable-tray\/#breadcrumb"},"inLanguage":"en-US","potentialAction":[{"@type":"ReadAction","target":["https:\/\/pinanson.eu\/en\/shop\/signal-distribution\/fibre-optic-distributors\/patch-panel-fibre-optics-removable-tray\/"]}]},{"@type":"ImageObject","inLanguage":"en-US","@id":"https:\/\/pinanson.eu\/en\/shop\/signal-distribution\/fibre-optic-distributors\/patch-panel-fibre-optics-removable-tray\/#primaryimage","url":"https:\/\/pinanson.eu\/wp-content\/uploads\/2015\/03\/21.11.17-041_.jpg","contentUrl":"https:\/\/pinanson.eu\/wp-content\/uploads\/2015\/03\/21.11.17-041_.jpg","width":800,"height":533,"caption":"patch panel fibre optics"},{"@type":"BreadcrumbList","@id":"https:\/\/pinanson.eu\/en\/shop\/signal-distribution\/fibre-optic-distributors\/patch-panel-fibre-optics-removable-tray\/#breadcrumb","itemListElement":[{"@type":"ListItem","position":1,"name":"Home","item":"https:\/\/pinanson.eu\/"},{"@type":"ListItem","position":2,"name":"Shop","item":"https:\/\/pinanson.eu\/en\/shop\/"},{"@type":"ListItem","position":3,"name":"Patch panel fibre optics. Removable tray"}]},{"@type":"WebSite","@id":"https:\/\/pinanson.eu\/#website","url":"https:\/\/pinanson.eu\/","name":"Pinanson","description":"Connectivity Solutions","publisher":{"@id":"https:\/\/pinanson.eu\/#organization"},"potentialAction":[{"@type":"SearchAction","target":{"@type":"EntryPoint","urlTemplate":"https:\/\/pinanson.eu\/?s={search_term_string}"},"query-input":{"@type":"PropertyValueSpecification","valueRequired":true,"valueName":"search_term_string"}}],"inLanguage":"en-US"},{"@type":"Organization","@id":"https:\/\/pinanson.eu\/#organization","name":"Pinanson","url":"https:\/\/pinanson.eu\/","logo":{"@type":"ImageObject","inLanguage":"en-US","@id":"https:\/\/pinanson.eu\/#\/schema\/logo\/image\/","url":"https:\/\/pinanson.eu\/wp-content\/uploads\/2017\/07\/LOGO_PINANSON_H60_Slogan_ES.png","contentUrl":"https:\/\/pinanson.eu\/wp-content\/uploads\/2017\/07\/LOGO_PINANSON_H60_Slogan_ES.png","width":303,"height":60,"caption":"Pinanson"},"image":{"@id":"https:\/\/pinanson.eu\/#\/schema\/logo\/image\/"},"sameAs":["https:\/\/linkedin.com\/Pinanson\/"]}]}},"_links":{"self":[{"href":"https:\/\/pinanson.eu\/en\/wp-json\/wp\/v2\/product\/24717","targetHints":{"allow":["GET"]}}],"collection":[{"href":"https:\/\/pinanson.eu\/en\/wp-json\/wp\/v2\/product"}],"about":[{"href":"https:\/\/pinanson.eu\/en\/wp-json\/wp\/v2\/types\/product"}],"wp:featuredmedia":[{"embeddable":true,"href":"https:\/\/pinanson.eu\/en\/wp-json\/wp\/v2\/media\/12115"}],"wp:attachment":[{"href":"https:\/\/pinanson.eu\/en\/wp-json\/wp\/v2\/media?parent=24717"}],"wp:term":[{"taxonomy":"product_brand","embeddable":true,"href":"https:\/\/pinanson.eu\/en\/wp-json\/wp\/v2\/product_brand?post=24717"},{"taxonomy":"product_cat","embeddable":true,"href":"https:\/\/pinanson.eu\/en\/wp-json\/wp\/v2\/product_cat?post=24717"},{"taxonomy":"product_tag","embeddable":true,"href":"https:\/\/pinanson.eu\/en\/wp-json\/wp\/v2\/product_tag?post=24717"}],"curies":[{"name":"wp","href":"https:\/\/api.w.org\/{rel}","templated":true}]}}