{"id":2778,"date":"2013-09-19T11:49:43","date_gmt":"2013-09-19T09:49:43","guid":{"rendered":"https:\/\/demo.pinanson.eu\/shop\/stage-box-audio-20-canales-con-aislamiento-2\/"},"modified":"2025-07-21T13:14:17","modified_gmt":"2025-07-21T11:14:17","slug":"splitter-audio-mic-line-box-ar-format","status":"publish","type":"product","link":"https:\/\/pinanson.eu\/en\/shop\/signal-distribution\/audio-distributors\/analogue-audio-distributors\/splitter-audio-mic-line-box-ar-format\/","title":{"rendered":"Splitter audio MIC &#038; LINE. SAR"},"content":{"rendered":"<div class=\"fusion-fullwidth fullwidth-box fusion-builder-row-1 fusion-flex-container nonhundred-percent-fullwidth non-hundred-percent-height-scrolling\" style=\"--awb-border-radius-top-left:0px;--awb-border-radius-top-right:0px;--awb-border-radius-bottom-right:0px;--awb-border-radius-bottom-left:0px;--awb-flex-wrap:wrap;\" ><div class=\"fusion-builder-row fusion-row fusion-flex-align-items-flex-start fusion-flex-content-wrap\" style=\"max-width:1248px;margin-left: calc(-4% \/ 2 );margin-right: calc(-4% \/ 2 );\"><div class=\"fusion-layout-column fusion_builder_column fusion-builder-column-0 fusion_builder_column_1_1 1_1 fusion-flex-column\" style=\"--awb-bg-size:cover;--awb-width-large:100%;--awb-margin-top-large:0px;--awb-spacing-right-large:1.92%;--awb-margin-bottom-large:0px;--awb-spacing-left-large:1.92%;--awb-width-medium:100%;--awb-spacing-right-medium:1.92%;--awb-spacing-left-medium:1.92%;--awb-width-small:100%;--awb-spacing-right-small:1.92%;--awb-spacing-left-small:1.92%;\"><div class=\"fusion-column-wrapper fusion-flex-justify-content-flex-start fusion-content-layout-column\"><div class=\"fusion-text fusion-text-1\"><p><img decoding=\"async\" class=\"lazyload  wp-image-22512\" src=\"https:\/\/pinanson.eu\/wp-content\/uploads\/2017\/07\/salidas-analogicas-1.jpg\" data-orig-src=\"https:\/\/pinanson.eu\/wp-content\/uploads\/2017\/07\/salidas-analogicas-1.jpg\" alt=\"\" width=\"206\" height=\"206\" srcset=\"data:image\/svg+xml,%3Csvg%20xmlns%3D%27http%3A%2F%2Fwww.w3.org%2F2000%2Fsvg%27%20width%3D%27206%27%20height%3D%27206%27%20viewBox%3D%270%200%20206%20206%27%3E%3Crect%20width%3D%27206%27%20height%3D%27206%27%20fill-opacity%3D%220%22%2F%3E%3C%2Fsvg%3E\" data-srcset=\"https:\/\/pinanson.eu\/wp-content\/uploads\/2017\/07\/salidas-analogicas-1-66x66.jpg 66w, https:\/\/pinanson.eu\/wp-content\/uploads\/2017\/07\/salidas-analogicas-1-200x200.jpg 200w, https:\/\/pinanson.eu\/wp-content\/uploads\/2017\/07\/salidas-analogicas-1.jpg 336w\" data-sizes=\"auto\" data-orig-sizes=\"(max-width: 206px) 100vw, 206px\" \/><img decoding=\"async\" class=\"lazyload  wp-image-22506\" src=\"https:\/\/pinanson.eu\/wp-content\/uploads\/2017\/07\/patchcords-desde-cajas-remotas.jpg\" data-orig-src=\"https:\/\/pinanson.eu\/wp-content\/uploads\/2017\/07\/patchcords-desde-cajas-remotas.jpg\" alt=\"\" width=\"206\" height=\"206\" srcset=\"data:image\/svg+xml,%3Csvg%20xmlns%3D%27http%3A%2F%2Fwww.w3.org%2F2000%2Fsvg%27%20width%3D%27206%27%20height%3D%27206%27%20viewBox%3D%270%200%20206%20206%27%3E%3Crect%20width%3D%27206%27%20height%3D%27206%27%20fill-opacity%3D%220%22%2F%3E%3C%2Fsvg%3E\" data-srcset=\"https:\/\/pinanson.eu\/wp-content\/uploads\/2017\/07\/patchcords-desde-cajas-remotas-66x66.jpg 66w, https:\/\/pinanson.eu\/wp-content\/uploads\/2017\/07\/patchcords-desde-cajas-remotas-200x200.jpg 200w, https:\/\/pinanson.eu\/wp-content\/uploads\/2017\/07\/patchcords-desde-cajas-remotas.jpg 336w\" data-sizes=\"auto\" data-orig-sizes=\"(max-width: 206px) 100vw, 206px\" \/><img decoding=\"async\" class=\"lazyload  wp-image-22504\" src=\"https:\/\/pinanson.eu\/wp-content\/uploads\/2017\/07\/entrada-de-cajas-remotas.jpg\" data-orig-src=\"https:\/\/pinanson.eu\/wp-content\/uploads\/2017\/07\/entrada-de-cajas-remotas.jpg\" alt=\"\" width=\"206\" height=\"206\" srcset=\"data:image\/svg+xml,%3Csvg%20xmlns%3D%27http%3A%2F%2Fwww.w3.org%2F2000%2Fsvg%27%20width%3D%27206%27%20height%3D%27206%27%20viewBox%3D%270%200%20206%20206%27%3E%3Crect%20width%3D%27206%27%20height%3D%27206%27%20fill-opacity%3D%220%22%2F%3E%3C%2Fsvg%3E\" data-srcset=\"https:\/\/pinanson.eu\/wp-content\/uploads\/2017\/07\/entrada-de-cajas-remotas-66x66.jpg 66w, https:\/\/pinanson.eu\/wp-content\/uploads\/2017\/07\/entrada-de-cajas-remotas-200x200.jpg 200w, https:\/\/pinanson.eu\/wp-content\/uploads\/2017\/07\/entrada-de-cajas-remotas.jpg 336w\" data-sizes=\"auto\" data-orig-sizes=\"(max-width: 206px) 100vw, 206px\" \/><img decoding=\"async\" class=\"lazyload wp-image-22502\" src=\"https:\/\/pinanson.eu\/wp-content\/uploads\/2017\/07\/patch-de-entrada-directa.jpg\" data-orig-src=\"https:\/\/pinanson.eu\/wp-content\/uploads\/2017\/07\/patch-de-entrada-directa.jpg\" alt=\"\" width=\"206\" height=\"206\" srcset=\"data:image\/svg+xml,%3Csvg%20xmlns%3D%27http%3A%2F%2Fwww.w3.org%2F2000%2Fsvg%27%20width%3D%27206%27%20height%3D%27206%27%20viewBox%3D%270%200%20206%20206%27%3E%3Crect%20width%3D%27206%27%20height%3D%27206%27%20fill-opacity%3D%220%22%2F%3E%3C%2Fsvg%3E\" data-srcset=\"https:\/\/pinanson.eu\/wp-content\/uploads\/2017\/07\/patch-de-entrada-directa-66x66.jpg 66w, https:\/\/pinanson.eu\/wp-content\/uploads\/2017\/07\/patch-de-entrada-directa-200x200.jpg 200w, https:\/\/pinanson.eu\/wp-content\/uploads\/2017\/07\/patch-de-entrada-directa.jpg 336w\" data-sizes=\"auto\" data-orig-sizes=\"(max-width: 206px) 100vw, 206px\" \/><\/p>\n\n<table id=\"tablepress-278\" class=\"tablepress tablepress-id-278\">\n<tbody class=\"row-striping row-hover\">\n<tr class=\"row-1\">\n\t<td class=\"column-1\">Entrada de cajas remotas:<\/td><td class=\"column-2\">Remote boxes input:<\/td><td class=\"column-3\">Recoge las se\u00f1ales de audio de las cajas remotas distribuidas en el escenario a trav\u00e9s de multiconectores.<\/td><td class=\"column-4\">Picks up the audio signals from the remote boxes distributed on stage through multi-connectors.<\/td>\n<\/tr>\n<tr class=\"row-2\">\n\t<td class=\"column-1\">Patchcords desde cajas remotas:<\/td><td class=\"column-2\">Remote boxes patching:<\/td><td class=\"column-3\">Recoge las se\u00f1ales de entrada de cajas remotas a trav\u00e9s de patch cords XLRM.<\/td><td class=\"column-4\">Picks up input signals from remote boxes via XLRM patch cords.<\/td>\n<\/tr>\n<tr class=\"row-3\">\n\t<td class=\"column-1\">Patch de entrada directa:<\/td><td class=\"column-2\">Direct input patch:<\/td><td class=\"column-3\">Recoge las se\u00f1ales directamente o los patch cords desde cajas remotas a trav\u00e9s de XLRH.<\/td><td class=\"column-4\">Picks up signals directly or patch cords from remote boxes via XLRF.<\/td>\n<\/tr>\n<tr class=\"row-4\">\n\t<td class=\"column-1\">Salidas anal\u00f3gicas con aislamiento galv\u00e1nico:<\/td><td class=\"column-2\">Analogue galvanic isolation output:<\/td><td class=\"column-3\">Recoge las se\u00f1ales del patch de entrada directa y a\u00f1ade salidas anal\u00f3gicas aisladas y directas a trav\u00e9s de multiconectores.<\/td><td class=\"column-4\">Picks up the signals from the direct input patch and adds isolated and direct analog outputs via multi-connectors.<\/td>\n<\/tr>\n<tr class=\"row-5\">\n\t<td class=\"column-1\">Conexi\u00f3n con stage box digital:<\/td><td class=\"column-2\">Digital stage box connection:<\/td><td class=\"column-3\">Recoge las se\u00f1ales del patch de entrada directa y las dirige a la stage box digital (del cliente) a trav\u00e9s de multiconectores.<\/td><td class=\"column-4\">Picks up the direct input patch signals and routes them to the (client's) digital stage box via multi-connectors.<\/td>\n<\/tr>\n<tr class=\"row-6\">\n\t<td class=\"column-1\">Acr\u00f3nimo:<\/td><td class=\"column-2\">Acronym:<\/td><td class=\"column-3\">SAR<\/td><td class=\"column-4\">SAR<\/td>\n<\/tr>\n<\/tbody>\n<\/table>\n<!-- #tablepress-278 from cache -->\n<\/div><\/div><\/div><\/div><\/div>\n","protected":false},"excerpt":{"rendered":"<table class=\"box24\">\n<tbody>\n<tr>\n<td class=\"label\" colspan=\"2\">Mic \/ Line level audio Splitter for connecting and distributing audio signals with galvanic isolation.<\/td>\n<\/tr>\n<tr>\n<td class=\"label\">Features<\/td>\n<td class=\"value\">High quality transformers.<\/td>\n<\/tr>\n<tr>\n<td class=\"label\">Transformer<\/td>\n<td class=\"value\">Lundahl<\/td>\n<\/tr>\n<tr>\n<td class=\"label\">Place<\/td>\n<td class=\"value\">Rack screw mounting<\/td>\n<\/tr>\n<tr>\n<td class=\"label\">Format<\/td>\n<td class=\"value\">Box AR 19&#8221;<\/td>\n<\/tr>\n<tr>\n<td class=\"label\">Manufactured<\/td>\n<td class=\"value\">In Spain by Pinanson S.L.<\/td>\n<\/tr>\n<\/tbody>\n<\/table>\n<h4>RELATED BLOG POSTS<\/h4>\n<ul>\n<li><em><a href=\"https:\/\/pinanson.eu\/en\/audio-signals-on-stages-frequent-questions\/\">AUDIO SIGNALS ON STAGES, FREQUENT QUESTIONS<\/a><\/em><\/li>\n<li style=\"text-align: left;\"><em><a href=\"https:\/\/pinanson.eu\/en\/stage-spaces-world-opera-houses-around-the-world\/\">OPERA HOUSES AROUND THE WORLD<\/a><\/em><\/li>\n<li style=\"text-align: left;\"><em><a href=\"https:\/\/pinanson.eu\/en\/audio-distributors-with-or-without-transformers\/\">AUDIO DISTRIBUTORS, WITH OR WITHOUT TRANSFORMERS?<\/a><\/em><\/li>\n<\/ul>\n","protected":false},"featured_media":17847,"template":"","meta":{"_acf_changed":false,"_joinchat":[]},"product_brand":[],"product_cat":[2536],"product_tag":[],"class_list":{"0":"post-2778","1":"product","2":"type-product","3":"status-publish","4":"has-post-thumbnail","6":"product_cat-analogue-audio-distributors","7":"pa_canales-144-channels","8":"pa_canales-20-channels","9":"pa_canales-30-channels","10":"pa_canales-48-channels","11":"pa_canales-48-sends-12-returns","12":"pa_canales-56-channels","13":"pa_entrada-1-2x-harting-108m-en","14":"pa_entrada-144-terminal-block-en","15":"pa_entrada-2-harting-40m","16":"pa_entrada-2-harting-72m","17":"pa_entrada-48-xlrf","18":"pa_entrada-56-xlrf","19":"tm-no-options-pxq","21":"first","22":"instock","23":"taxable","24":"shipping-taxable","25":"product-type-simple"},"composite_virtual":false,"composite_layout":"","composite_add_to_cart_form_location":"","composite_editable_in_cart":false,"composite_sold_individually_context":"","composite_shop_price_calc":"","composite_components":[],"composite_scenarios":[],"acf":[],"yoast_head":"<!-- This site is optimized with the Yoast SEO plugin v27.2 - https:\/\/yoast.com\/product\/yoast-seo-wordpress\/ -->\n<title>Splitter audio MIC &amp; LINE. SAR - Pinanson<\/title>\n<meta name=\"description\" content=\"Mic \/ Line level audio Splitter for connecting and distributing audio signals with galvanic isolation. High quality transformers.\" \/>\n<meta name=\"robots\" content=\"index, follow, max-snippet:-1, max-image-preview:large, max-video-preview:-1\" \/>\n<link rel=\"canonical\" href=\"https:\/\/pinanson.eu\/shop\/distribucion-senal\/distribuidores-audio\/distribuidores-audio-analogico\/splitter-de-audio-micro-y-linea-formato-caja-ar\/\" \/>\n<meta property=\"og:locale\" content=\"en_US\" \/>\n<meta property=\"og:type\" content=\"article\" \/>\n<meta property=\"og:title\" content=\"Splitter audio MIC &amp; LINE. SAR - Pinanson\" \/>\n<meta property=\"og:description\" content=\"Mic \/ Line level audio Splitter for connecting and distributing audio signals with galvanic isolation. High quality transformers.\" \/>\n<meta property=\"og:url\" content=\"https:\/\/pinanson.eu\/shop\/distribucion-senal\/distribuidores-audio\/distribuidores-audio-analogico\/splitter-de-audio-micro-y-linea-formato-caja-ar\/\" \/>\n<meta property=\"og:site_name\" content=\"Pinanson\" \/>\n<meta property=\"article:modified_time\" content=\"2025-07-21T11:14:17+00:00\" \/>\n<meta property=\"og:image\" content=\"https:\/\/pinanson.eu\/wp-content\/uploads\/2020\/02\/PTRS0050-01_.jpg\" \/>\n\t<meta property=\"og:image:width\" content=\"800\" \/>\n\t<meta property=\"og:image:height\" content=\"600\" \/>\n\t<meta property=\"og:image:type\" content=\"image\/jpeg\" \/>\n<meta name=\"twitter:card\" content=\"summary_large_image\" \/>\n<meta name=\"twitter:label1\" content=\"Est. reading time\" \/>\n\t<meta name=\"twitter:data1\" content=\"1 minute\" \/>\n<script type=\"application\/ld+json\" class=\"yoast-schema-graph\">{\"@context\":\"https:\/\/schema.org\",\"@graph\":[{\"@type\":\"WebPage\",\"@id\":\"https:\/\/pinanson.eu\/shop\/distribucion-senal\/distribuidores-audio\/distribuidores-audio-analogico\/splitter-de-audio-micro-y-linea-formato-caja-ar\/\",\"url\":\"https:\/\/pinanson.eu\/shop\/distribucion-senal\/distribuidores-audio\/distribuidores-audio-analogico\/splitter-de-audio-micro-y-linea-formato-caja-ar\/\",\"name\":\"Splitter audio MIC & LINE. SAR - Pinanson\",\"isPartOf\":{\"@id\":\"https:\/\/pinanson.eu\/#website\"},\"primaryImageOfPage\":{\"@id\":\"https:\/\/pinanson.eu\/shop\/distribucion-senal\/distribuidores-audio\/distribuidores-audio-analogico\/splitter-de-audio-micro-y-linea-formato-caja-ar\/#primaryimage\"},\"image\":{\"@id\":\"https:\/\/pinanson.eu\/shop\/distribucion-senal\/distribuidores-audio\/distribuidores-audio-analogico\/splitter-de-audio-micro-y-linea-formato-caja-ar\/#primaryimage\"},\"thumbnailUrl\":\"https:\/\/pinanson.eu\/wp-content\/uploads\/2020\/02\/PTRS0050-01_.jpg\",\"datePublished\":\"2013-09-19T09:49:43+00:00\",\"dateModified\":\"2025-07-21T11:14:17+00:00\",\"description\":\"Mic \/ Line level audio Splitter for connecting and distributing audio signals with galvanic isolation. High quality transformers.\",\"breadcrumb\":{\"@id\":\"https:\/\/pinanson.eu\/shop\/distribucion-senal\/distribuidores-audio\/distribuidores-audio-analogico\/splitter-de-audio-micro-y-linea-formato-caja-ar\/#breadcrumb\"},\"inLanguage\":\"en-US\",\"potentialAction\":[{\"@type\":\"ReadAction\",\"target\":[\"https:\/\/pinanson.eu\/shop\/distribucion-senal\/distribuidores-audio\/distribuidores-audio-analogico\/splitter-de-audio-micro-y-linea-formato-caja-ar\/\"]}]},{\"@type\":\"ImageObject\",\"inLanguage\":\"en-US\",\"@id\":\"https:\/\/pinanson.eu\/shop\/distribucion-senal\/distribuidores-audio\/distribuidores-audio-analogico\/splitter-de-audio-micro-y-linea-formato-caja-ar\/#primaryimage\",\"url\":\"https:\/\/pinanson.eu\/wp-content\/uploads\/2020\/02\/PTRS0050-01_.jpg\",\"contentUrl\":\"https:\/\/pinanson.eu\/wp-content\/uploads\/2020\/02\/PTRS0050-01_.jpg\",\"width\":800,\"height\":600,\"caption\":\"splitter audio mic line ptrs0050\"},{\"@type\":\"BreadcrumbList\",\"@id\":\"https:\/\/pinanson.eu\/shop\/distribucion-senal\/distribuidores-audio\/distribuidores-audio-analogico\/splitter-de-audio-micro-y-linea-formato-caja-ar\/#breadcrumb\",\"itemListElement\":[{\"@type\":\"ListItem\",\"position\":1,\"name\":\"Home\",\"item\":\"https:\/\/pinanson.eu\/\"},{\"@type\":\"ListItem\",\"position\":2,\"name\":\"Shop\",\"item\":\"https:\/\/pinanson.eu\/en\/shop\/\"},{\"@type\":\"ListItem\",\"position\":3,\"name\":\"Splitter audio MIC &#038; LINE. SAR\"}]},{\"@type\":\"WebSite\",\"@id\":\"https:\/\/pinanson.eu\/#website\",\"url\":\"https:\/\/pinanson.eu\/\",\"name\":\"Pinanson\",\"description\":\"Connectivity Solutions\",\"publisher\":{\"@id\":\"https:\/\/pinanson.eu\/#organization\"},\"potentialAction\":[{\"@type\":\"SearchAction\",\"target\":{\"@type\":\"EntryPoint\",\"urlTemplate\":\"https:\/\/pinanson.eu\/?s={search_term_string}\"},\"query-input\":{\"@type\":\"PropertyValueSpecification\",\"valueRequired\":true,\"valueName\":\"search_term_string\"}}],\"inLanguage\":\"en-US\"},{\"@type\":\"Organization\",\"@id\":\"https:\/\/pinanson.eu\/#organization\",\"name\":\"Pinanson\",\"url\":\"https:\/\/pinanson.eu\/\",\"logo\":{\"@type\":\"ImageObject\",\"inLanguage\":\"en-US\",\"@id\":\"https:\/\/pinanson.eu\/#\/schema\/logo\/image\/\",\"url\":\"https:\/\/pinanson.eu\/wp-content\/uploads\/2017\/07\/LOGO_PINANSON_H60_Slogan_ES.png\",\"contentUrl\":\"https:\/\/pinanson.eu\/wp-content\/uploads\/2017\/07\/LOGO_PINANSON_H60_Slogan_ES.png\",\"width\":303,\"height\":60,\"caption\":\"Pinanson\"},\"image\":{\"@id\":\"https:\/\/pinanson.eu\/#\/schema\/logo\/image\/\"},\"sameAs\":[\"https:\/\/linkedin.com\/Pinanson\/\"]}]}<\/script>\n<!-- \/ Yoast SEO plugin. -->","yoast_head_json":{"title":"Splitter audio MIC & LINE. SAR - Pinanson","description":"Mic \/ Line level audio Splitter for connecting and distributing audio signals with galvanic isolation. High quality transformers.","robots":{"index":"index","follow":"follow","max-snippet":"max-snippet:-1","max-image-preview":"max-image-preview:large","max-video-preview":"max-video-preview:-1"},"canonical":"https:\/\/pinanson.eu\/shop\/distribucion-senal\/distribuidores-audio\/distribuidores-audio-analogico\/splitter-de-audio-micro-y-linea-formato-caja-ar\/","og_locale":"en_US","og_type":"article","og_title":"Splitter audio MIC & LINE. SAR - Pinanson","og_description":"Mic \/ Line level audio Splitter for connecting and distributing audio signals with galvanic isolation. High quality transformers.","og_url":"https:\/\/pinanson.eu\/shop\/distribucion-senal\/distribuidores-audio\/distribuidores-audio-analogico\/splitter-de-audio-micro-y-linea-formato-caja-ar\/","og_site_name":"Pinanson","article_modified_time":"2025-07-21T11:14:17+00:00","og_image":[{"width":800,"height":600,"url":"https:\/\/pinanson.eu\/wp-content\/uploads\/2020\/02\/PTRS0050-01_.jpg","type":"image\/jpeg"}],"twitter_card":"summary_large_image","twitter_misc":{"Est. reading time":"1 minute"},"schema":{"@context":"https:\/\/schema.org","@graph":[{"@type":"WebPage","@id":"https:\/\/pinanson.eu\/shop\/distribucion-senal\/distribuidores-audio\/distribuidores-audio-analogico\/splitter-de-audio-micro-y-linea-formato-caja-ar\/","url":"https:\/\/pinanson.eu\/shop\/distribucion-senal\/distribuidores-audio\/distribuidores-audio-analogico\/splitter-de-audio-micro-y-linea-formato-caja-ar\/","name":"Splitter audio MIC & LINE. SAR - Pinanson","isPartOf":{"@id":"https:\/\/pinanson.eu\/#website"},"primaryImageOfPage":{"@id":"https:\/\/pinanson.eu\/shop\/distribucion-senal\/distribuidores-audio\/distribuidores-audio-analogico\/splitter-de-audio-micro-y-linea-formato-caja-ar\/#primaryimage"},"image":{"@id":"https:\/\/pinanson.eu\/shop\/distribucion-senal\/distribuidores-audio\/distribuidores-audio-analogico\/splitter-de-audio-micro-y-linea-formato-caja-ar\/#primaryimage"},"thumbnailUrl":"https:\/\/pinanson.eu\/wp-content\/uploads\/2020\/02\/PTRS0050-01_.jpg","datePublished":"2013-09-19T09:49:43+00:00","dateModified":"2025-07-21T11:14:17+00:00","description":"Mic \/ Line level audio Splitter for connecting and distributing audio signals with galvanic isolation. High quality transformers.","breadcrumb":{"@id":"https:\/\/pinanson.eu\/shop\/distribucion-senal\/distribuidores-audio\/distribuidores-audio-analogico\/splitter-de-audio-micro-y-linea-formato-caja-ar\/#breadcrumb"},"inLanguage":"en-US","potentialAction":[{"@type":"ReadAction","target":["https:\/\/pinanson.eu\/shop\/distribucion-senal\/distribuidores-audio\/distribuidores-audio-analogico\/splitter-de-audio-micro-y-linea-formato-caja-ar\/"]}]},{"@type":"ImageObject","inLanguage":"en-US","@id":"https:\/\/pinanson.eu\/shop\/distribucion-senal\/distribuidores-audio\/distribuidores-audio-analogico\/splitter-de-audio-micro-y-linea-formato-caja-ar\/#primaryimage","url":"https:\/\/pinanson.eu\/wp-content\/uploads\/2020\/02\/PTRS0050-01_.jpg","contentUrl":"https:\/\/pinanson.eu\/wp-content\/uploads\/2020\/02\/PTRS0050-01_.jpg","width":800,"height":600,"caption":"splitter audio mic line ptrs0050"},{"@type":"BreadcrumbList","@id":"https:\/\/pinanson.eu\/shop\/distribucion-senal\/distribuidores-audio\/distribuidores-audio-analogico\/splitter-de-audio-micro-y-linea-formato-caja-ar\/#breadcrumb","itemListElement":[{"@type":"ListItem","position":1,"name":"Home","item":"https:\/\/pinanson.eu\/"},{"@type":"ListItem","position":2,"name":"Shop","item":"https:\/\/pinanson.eu\/en\/shop\/"},{"@type":"ListItem","position":3,"name":"Splitter audio MIC &#038; LINE. SAR"}]},{"@type":"WebSite","@id":"https:\/\/pinanson.eu\/#website","url":"https:\/\/pinanson.eu\/","name":"Pinanson","description":"Connectivity Solutions","publisher":{"@id":"https:\/\/pinanson.eu\/#organization"},"potentialAction":[{"@type":"SearchAction","target":{"@type":"EntryPoint","urlTemplate":"https:\/\/pinanson.eu\/?s={search_term_string}"},"query-input":{"@type":"PropertyValueSpecification","valueRequired":true,"valueName":"search_term_string"}}],"inLanguage":"en-US"},{"@type":"Organization","@id":"https:\/\/pinanson.eu\/#organization","name":"Pinanson","url":"https:\/\/pinanson.eu\/","logo":{"@type":"ImageObject","inLanguage":"en-US","@id":"https:\/\/pinanson.eu\/#\/schema\/logo\/image\/","url":"https:\/\/pinanson.eu\/wp-content\/uploads\/2017\/07\/LOGO_PINANSON_H60_Slogan_ES.png","contentUrl":"https:\/\/pinanson.eu\/wp-content\/uploads\/2017\/07\/LOGO_PINANSON_H60_Slogan_ES.png","width":303,"height":60,"caption":"Pinanson"},"image":{"@id":"https:\/\/pinanson.eu\/#\/schema\/logo\/image\/"},"sameAs":["https:\/\/linkedin.com\/Pinanson\/"]}]}},"_links":{"self":[{"href":"https:\/\/pinanson.eu\/en\/wp-json\/wp\/v2\/product\/2778","targetHints":{"allow":["GET"]}}],"collection":[{"href":"https:\/\/pinanson.eu\/en\/wp-json\/wp\/v2\/product"}],"about":[{"href":"https:\/\/pinanson.eu\/en\/wp-json\/wp\/v2\/types\/product"}],"wp:featuredmedia":[{"embeddable":true,"href":"https:\/\/pinanson.eu\/en\/wp-json\/wp\/v2\/media\/17847"}],"wp:attachment":[{"href":"https:\/\/pinanson.eu\/en\/wp-json\/wp\/v2\/media?parent=2778"}],"wp:term":[{"taxonomy":"product_brand","embeddable":true,"href":"https:\/\/pinanson.eu\/en\/wp-json\/wp\/v2\/product_brand?post=2778"},{"taxonomy":"product_cat","embeddable":true,"href":"https:\/\/pinanson.eu\/en\/wp-json\/wp\/v2\/product_cat?post=2778"},{"taxonomy":"product_tag","embeddable":true,"href":"https:\/\/pinanson.eu\/en\/wp-json\/wp\/v2\/product_tag?post=2778"}],"curies":[{"name":"wp","href":"https:\/\/api.w.org\/{rel}","templated":true}]}}