{"id":3258,"date":"2015-02-25T17:18:01","date_gmt":"2015-02-25T16:18:01","guid":{"rendered":"https:\/\/demo.pinanson.eu\/shop\/headphone-amplifer-2-ch-x2-rack-mount-box\/"},"modified":"2021-11-30T16:40:12","modified_gmt":"2021-11-30T15:40:12","slug":"amplifier-headphones-2-channel","status":"publish","type":"product","link":"https:\/\/pinanson.eu\/en\/shop\/controllers\/amplifier-headphones-2-channel\/","title":{"rendered":"Amplifier headphones 2 channel"},"content":{"rendered":"\n<table id=\"tablepress-136\" class=\"tablepress tablepress-id-136\">\n<tbody class=\"row-striping row-hover\">\n<tr class=\"row-1\">\n\t<td class=\"column-1\">Entradas<\/td><td class=\"column-2\">Inputs<\/td><td class=\"column-3\">2 balanceada est\u00e9reo. Jack 1\/4\". Nivel l\u00ednea.<\/td><td class=\"column-4\">2 stereo balanced. 1 Jack 1\/4\". Line level.<\/td>\n<\/tr>\n<tr class=\"row-2\">\n\t<td class=\"column-1\">Salidas <\/td><td class=\"column-2\">Outputs<\/td><td class=\"column-3\">2 desbalanceada est\u00e9reo por cada entrada (total 4). Jack 1\/4\". Nivel auriculares.<\/td><td class=\"column-4\">2 stereo unbalanced per each input (4 in total). Jack 1\/4\". Headphone level.<\/td>\n<\/tr>\n<tr class=\"row-3\">\n\t<td class=\"column-1\">Canales<\/td><td class=\"column-2\">Channels<\/td><td class=\"column-3\">2<\/td><td class=\"column-4\">2<\/td>\n<\/tr>\n<tr class=\"row-4\">\n\t<td class=\"column-1\">Control <\/td><td class=\"column-2\">Control<\/td><td class=\"column-3\">Activo. Amplificaci\u00f3n de se\u00f1al de auriculares mediante potenci\u00f3metro.<\/td><td class=\"column-4\">Active. Headphone signal amplification by potenciometer<\/td>\n<\/tr>\n<tr class=\"row-5\">\n\t<td class=\"column-1\">Formato<\/td><td class=\"column-2\">Format<\/td><td class=\"column-3\">Caja AR para rack 19\"<\/td><td class=\"column-4\">AR box for 19\" rack<\/td>\n<\/tr>\n<\/tbody>\n<\/table>\n<!-- #tablepress-136 from cache -->\n","protected":false},"excerpt":{"rendered":"<table class=\"box24\">\n<tbody>\n<tr>\n<td class=\"label\" colspan=\"2\">Headphones amplifier for 2 channels with 2 outputs per channel.<\/td>\n<\/tr>\n<tr>\n<td class=\"label\">Place<\/td>\n<td class=\"value\">Rack screw mounting<\/td>\n<\/tr>\n<tr>\n<td class=\"label\">Format<\/td>\n<td class=\"value\">Box AR 19&#8221;<\/td>\n<\/tr>\n<tr>\n<td class=\"label\">Manufactured<\/td>\n<td class=\"value\">In Spain by Pinanson S.L.<\/td>\n<\/tr>\n<\/tbody>\n<\/table>\n","protected":false},"featured_media":6114,"template":"","meta":{"_acf_changed":false,"_joinchat":[]},"product_brand":[],"product_cat":[271],"product_tag":[],"class_list":{"0":"post-3258","1":"product","2":"type-product","3":"status-publish","4":"has-post-thumbnail","6":"product_cat-controllers","7":"tm-has-options","9":"first","10":"instock","11":"taxable","12":"shipping-taxable","13":"purchasable","14":"product-type-simple"},"composite_virtual":false,"composite_layout":"","composite_add_to_cart_form_location":"","composite_editable_in_cart":false,"composite_sold_individually_context":"","composite_shop_price_calc":"","composite_components":[],"composite_scenarios":[],"acf":[],"yoast_head":"<!-- This site is optimized with the Yoast SEO plugin v27.2 - https:\/\/yoast.com\/product\/yoast-seo-wordpress\/ -->\n<title>Amplifier headphones 2 channel - Pinanson<\/title>\n<meta name=\"description\" content=\"Headphones amplifier for 2 channels with 2 outputs per channel.   Place Rack screw mounting   Format Box AR 19&#039;&#039;   Manufactured In Spain by Pinanson S.L.\" \/>\n<meta name=\"robots\" content=\"index, follow, max-snippet:-1, max-image-preview:large, max-video-preview:-1\" \/>\n<link rel=\"canonical\" href=\"https:\/\/pinanson.eu\/en\/shop\/controllers\/amplifier-headphones-2-channel\/\" \/>\n<meta property=\"og:locale\" content=\"en_US\" \/>\n<meta property=\"og:type\" content=\"article\" \/>\n<meta property=\"og:title\" content=\"Amplifier headphones 2 channel - Pinanson\" \/>\n<meta property=\"og:description\" content=\"Headphones amplifier for 2 channels with 2 outputs per channel.   Place Rack screw mounting   Format Box AR 19&#039;&#039;   Manufactured In Spain by Pinanson S.L.\" \/>\n<meta property=\"og:url\" content=\"https:\/\/pinanson.eu\/en\/shop\/controllers\/amplifier-headphones-2-channel\/\" \/>\n<meta property=\"og:site_name\" content=\"Pinanson\" \/>\n<meta property=\"article:modified_time\" content=\"2021-11-30T15:40:12+00:00\" \/>\n<meta property=\"og:image\" content=\"https:\/\/pinanson.eu\/wp-content\/uploads\/2017\/12\/PTR1238.jpg\" \/>\n\t<meta property=\"og:image:width\" content=\"800\" \/>\n\t<meta property=\"og:image:height\" content=\"533\" \/>\n\t<meta property=\"og:image:type\" content=\"image\/jpeg\" \/>\n<meta name=\"twitter:card\" content=\"summary_large_image\" \/>\n<script type=\"application\/ld+json\" class=\"yoast-schema-graph\">{\"@context\":\"https:\/\/schema.org\",\"@graph\":[{\"@type\":\"WebPage\",\"@id\":\"https:\/\/pinanson.eu\/en\/shop\/controllers\/amplifier-headphones-2-channel\/\",\"url\":\"https:\/\/pinanson.eu\/en\/shop\/controllers\/amplifier-headphones-2-channel\/\",\"name\":\"Amplifier headphones 2 channel - Pinanson\",\"isPartOf\":{\"@id\":\"https:\/\/pinanson.eu\/#website\"},\"primaryImageOfPage\":{\"@id\":\"https:\/\/pinanson.eu\/en\/shop\/controllers\/amplifier-headphones-2-channel\/#primaryimage\"},\"image\":{\"@id\":\"https:\/\/pinanson.eu\/en\/shop\/controllers\/amplifier-headphones-2-channel\/#primaryimage\"},\"thumbnailUrl\":\"https:\/\/pinanson.eu\/wp-content\/uploads\/2017\/12\/PTR1238.jpg\",\"datePublished\":\"2015-02-25T16:18:01+00:00\",\"dateModified\":\"2021-11-30T15:40:12+00:00\",\"description\":\"Headphones amplifier for 2 channels with 2 outputs per channel. Place Rack screw mounting Format Box AR 19'' Manufactured In Spain by Pinanson S.L.\",\"breadcrumb\":{\"@id\":\"https:\/\/pinanson.eu\/en\/shop\/controllers\/amplifier-headphones-2-channel\/#breadcrumb\"},\"inLanguage\":\"en-US\",\"potentialAction\":[{\"@type\":\"ReadAction\",\"target\":[\"https:\/\/pinanson.eu\/en\/shop\/controllers\/amplifier-headphones-2-channel\/\"]}]},{\"@type\":\"ImageObject\",\"inLanguage\":\"en-US\",\"@id\":\"https:\/\/pinanson.eu\/en\/shop\/controllers\/amplifier-headphones-2-channel\/#primaryimage\",\"url\":\"https:\/\/pinanson.eu\/wp-content\/uploads\/2017\/12\/PTR1238.jpg\",\"contentUrl\":\"https:\/\/pinanson.eu\/wp-content\/uploads\/2017\/12\/PTR1238.jpg\",\"width\":800,\"height\":533,\"caption\":\"amplifier headphones 2 channel ptr1238\"},{\"@type\":\"BreadcrumbList\",\"@id\":\"https:\/\/pinanson.eu\/en\/shop\/controllers\/amplifier-headphones-2-channel\/#breadcrumb\",\"itemListElement\":[{\"@type\":\"ListItem\",\"position\":1,\"name\":\"Home\",\"item\":\"https:\/\/pinanson.eu\/\"},{\"@type\":\"ListItem\",\"position\":2,\"name\":\"Shop\",\"item\":\"https:\/\/pinanson.eu\/en\/shop\/\"},{\"@type\":\"ListItem\",\"position\":3,\"name\":\"Amplifier headphones 2 channel\"}]},{\"@type\":\"WebSite\",\"@id\":\"https:\/\/pinanson.eu\/#website\",\"url\":\"https:\/\/pinanson.eu\/\",\"name\":\"Pinanson\",\"description\":\"Connectivity Solutions\",\"publisher\":{\"@id\":\"https:\/\/pinanson.eu\/#organization\"},\"potentialAction\":[{\"@type\":\"SearchAction\",\"target\":{\"@type\":\"EntryPoint\",\"urlTemplate\":\"https:\/\/pinanson.eu\/?s={search_term_string}\"},\"query-input\":{\"@type\":\"PropertyValueSpecification\",\"valueRequired\":true,\"valueName\":\"search_term_string\"}}],\"inLanguage\":\"en-US\"},{\"@type\":\"Organization\",\"@id\":\"https:\/\/pinanson.eu\/#organization\",\"name\":\"Pinanson\",\"url\":\"https:\/\/pinanson.eu\/\",\"logo\":{\"@type\":\"ImageObject\",\"inLanguage\":\"en-US\",\"@id\":\"https:\/\/pinanson.eu\/#\/schema\/logo\/image\/\",\"url\":\"https:\/\/pinanson.eu\/wp-content\/uploads\/2017\/07\/LOGO_PINANSON_H60_Slogan_ES.png\",\"contentUrl\":\"https:\/\/pinanson.eu\/wp-content\/uploads\/2017\/07\/LOGO_PINANSON_H60_Slogan_ES.png\",\"width\":303,\"height\":60,\"caption\":\"Pinanson\"},\"image\":{\"@id\":\"https:\/\/pinanson.eu\/#\/schema\/logo\/image\/\"},\"sameAs\":[\"https:\/\/linkedin.com\/Pinanson\/\"]}]}<\/script>\n<!-- \/ Yoast SEO plugin. -->","yoast_head_json":{"title":"Amplifier headphones 2 channel - Pinanson","description":"Headphones amplifier for 2 channels with 2 outputs per channel.   Place Rack screw mounting   Format Box AR 19''   Manufactured In Spain by Pinanson S.L.","robots":{"index":"index","follow":"follow","max-snippet":"max-snippet:-1","max-image-preview":"max-image-preview:large","max-video-preview":"max-video-preview:-1"},"canonical":"https:\/\/pinanson.eu\/en\/shop\/controllers\/amplifier-headphones-2-channel\/","og_locale":"en_US","og_type":"article","og_title":"Amplifier headphones 2 channel - Pinanson","og_description":"Headphones amplifier for 2 channels with 2 outputs per channel.   Place Rack screw mounting   Format Box AR 19''   Manufactured In Spain by Pinanson S.L.","og_url":"https:\/\/pinanson.eu\/en\/shop\/controllers\/amplifier-headphones-2-channel\/","og_site_name":"Pinanson","article_modified_time":"2021-11-30T15:40:12+00:00","og_image":[{"width":800,"height":533,"url":"https:\/\/pinanson.eu\/wp-content\/uploads\/2017\/12\/PTR1238.jpg","type":"image\/jpeg"}],"twitter_card":"summary_large_image","schema":{"@context":"https:\/\/schema.org","@graph":[{"@type":"WebPage","@id":"https:\/\/pinanson.eu\/en\/shop\/controllers\/amplifier-headphones-2-channel\/","url":"https:\/\/pinanson.eu\/en\/shop\/controllers\/amplifier-headphones-2-channel\/","name":"Amplifier headphones 2 channel - Pinanson","isPartOf":{"@id":"https:\/\/pinanson.eu\/#website"},"primaryImageOfPage":{"@id":"https:\/\/pinanson.eu\/en\/shop\/controllers\/amplifier-headphones-2-channel\/#primaryimage"},"image":{"@id":"https:\/\/pinanson.eu\/en\/shop\/controllers\/amplifier-headphones-2-channel\/#primaryimage"},"thumbnailUrl":"https:\/\/pinanson.eu\/wp-content\/uploads\/2017\/12\/PTR1238.jpg","datePublished":"2015-02-25T16:18:01+00:00","dateModified":"2021-11-30T15:40:12+00:00","description":"Headphones amplifier for 2 channels with 2 outputs per channel. Place Rack screw mounting Format Box AR 19'' Manufactured In Spain by Pinanson S.L.","breadcrumb":{"@id":"https:\/\/pinanson.eu\/en\/shop\/controllers\/amplifier-headphones-2-channel\/#breadcrumb"},"inLanguage":"en-US","potentialAction":[{"@type":"ReadAction","target":["https:\/\/pinanson.eu\/en\/shop\/controllers\/amplifier-headphones-2-channel\/"]}]},{"@type":"ImageObject","inLanguage":"en-US","@id":"https:\/\/pinanson.eu\/en\/shop\/controllers\/amplifier-headphones-2-channel\/#primaryimage","url":"https:\/\/pinanson.eu\/wp-content\/uploads\/2017\/12\/PTR1238.jpg","contentUrl":"https:\/\/pinanson.eu\/wp-content\/uploads\/2017\/12\/PTR1238.jpg","width":800,"height":533,"caption":"amplifier headphones 2 channel ptr1238"},{"@type":"BreadcrumbList","@id":"https:\/\/pinanson.eu\/en\/shop\/controllers\/amplifier-headphones-2-channel\/#breadcrumb","itemListElement":[{"@type":"ListItem","position":1,"name":"Home","item":"https:\/\/pinanson.eu\/"},{"@type":"ListItem","position":2,"name":"Shop","item":"https:\/\/pinanson.eu\/en\/shop\/"},{"@type":"ListItem","position":3,"name":"Amplifier headphones 2 channel"}]},{"@type":"WebSite","@id":"https:\/\/pinanson.eu\/#website","url":"https:\/\/pinanson.eu\/","name":"Pinanson","description":"Connectivity Solutions","publisher":{"@id":"https:\/\/pinanson.eu\/#organization"},"potentialAction":[{"@type":"SearchAction","target":{"@type":"EntryPoint","urlTemplate":"https:\/\/pinanson.eu\/?s={search_term_string}"},"query-input":{"@type":"PropertyValueSpecification","valueRequired":true,"valueName":"search_term_string"}}],"inLanguage":"en-US"},{"@type":"Organization","@id":"https:\/\/pinanson.eu\/#organization","name":"Pinanson","url":"https:\/\/pinanson.eu\/","logo":{"@type":"ImageObject","inLanguage":"en-US","@id":"https:\/\/pinanson.eu\/#\/schema\/logo\/image\/","url":"https:\/\/pinanson.eu\/wp-content\/uploads\/2017\/07\/LOGO_PINANSON_H60_Slogan_ES.png","contentUrl":"https:\/\/pinanson.eu\/wp-content\/uploads\/2017\/07\/LOGO_PINANSON_H60_Slogan_ES.png","width":303,"height":60,"caption":"Pinanson"},"image":{"@id":"https:\/\/pinanson.eu\/#\/schema\/logo\/image\/"},"sameAs":["https:\/\/linkedin.com\/Pinanson\/"]}]}},"_links":{"self":[{"href":"https:\/\/pinanson.eu\/en\/wp-json\/wp\/v2\/product\/3258","targetHints":{"allow":["GET"]}}],"collection":[{"href":"https:\/\/pinanson.eu\/en\/wp-json\/wp\/v2\/product"}],"about":[{"href":"https:\/\/pinanson.eu\/en\/wp-json\/wp\/v2\/types\/product"}],"wp:featuredmedia":[{"embeddable":true,"href":"https:\/\/pinanson.eu\/en\/wp-json\/wp\/v2\/media\/6114"}],"wp:attachment":[{"href":"https:\/\/pinanson.eu\/en\/wp-json\/wp\/v2\/media?parent=3258"}],"wp:term":[{"taxonomy":"product_brand","embeddable":true,"href":"https:\/\/pinanson.eu\/en\/wp-json\/wp\/v2\/product_brand?post=3258"},{"taxonomy":"product_cat","embeddable":true,"href":"https:\/\/pinanson.eu\/en\/wp-json\/wp\/v2\/product_cat?post=3258"},{"taxonomy":"product_tag","embeddable":true,"href":"https:\/\/pinanson.eu\/en\/wp-json\/wp\/v2\/product_tag?post=3258"}],"curies":[{"name":"wp","href":"https:\/\/api.w.org\/{rel}","templated":true}]}}