{"id":3960,"date":"2017-08-03T15:55:46","date_gmt":"2017-08-03T13:55:46","guid":{"rendered":"https:\/\/demo.pinanson.eu\/?post_type=product&#038;p=3960\/"},"modified":"2025-07-15T10:06:56","modified_gmt":"2025-07-15T08:06:56","slug":"digi-rack-box","status":"publish","type":"product","link":"https:\/\/pinanson.eu\/en\/shop\/signal-distribution\/audio-distributors\/digitalnetworked-audio-distribution\/digi-rack-box\/","title":{"rendered":"Digi Rack Box"},"content":{"rendered":"<div class=\"fusion-fullwidth fullwidth-box fusion-builder-row-1 fusion-flex-container nonhundred-percent-fullwidth non-hundred-percent-height-scrolling\" style=\"--awb-border-radius-top-left:0px;--awb-border-radius-top-right:0px;--awb-border-radius-bottom-right:0px;--awb-border-radius-bottom-left:0px;--awb-flex-wrap:wrap;\" ><div class=\"fusion-builder-row fusion-row fusion-flex-align-items-flex-start fusion-flex-content-wrap\" style=\"max-width:1248px;margin-left: calc(-4% \/ 2 );margin-right: calc(-4% \/ 2 );\"><div class=\"fusion-layout-column fusion_builder_column fusion-builder-column-0 fusion_builder_column_1_1 1_1 fusion-flex-column\" style=\"--awb-bg-size:cover;--awb-width-large:100%;--awb-margin-top-large:0px;--awb-spacing-right-large:1.92%;--awb-margin-bottom-large:0px;--awb-spacing-left-large:1.92%;--awb-width-medium:100%;--awb-spacing-right-medium:1.92%;--awb-spacing-left-medium:1.92%;--awb-width-small:100%;--awb-spacing-right-small:1.92%;--awb-spacing-left-small:1.92%;\"><div class=\"fusion-column-wrapper fusion-flex-justify-content-flex-start fusion-content-layout-column\"><div class=\"fusion-text fusion-text-1\">\n<table id=\"tablepress-260\" class=\"tablepress tablepress-id-260\">\n<tbody class=\"row-striping row-hover\">\n<tr class=\"row-1\">\n\t<td class=\"column-1\">Entrada de cajas remotas:<\/td><td class=\"column-2\">Remote boxes input:<\/td><td class=\"column-3\">Recoge las se\u00f1ales de audio de las cajas remotas distribuidas en el escenario a trav\u00e9s de multiconectores.<\/td><td class=\"column-4\">Picks up the audio signals from the remote boxes distributed on stage through multi-connectors.<\/td>\n<\/tr>\n<tr class=\"row-2\">\n\t<td class=\"column-1\">Patchcords desde cajas remotas y conexi\u00f3n con stage box digital:<\/td><td class=\"column-2\">Patch Cords from remote boxes and connection with digital stage box.<\/td><td class=\"column-3\">Recoge las se\u00f1ales de entrada de cajas remotas  y las dirige a la stage box digital (del cliente) a trav\u00e9s de patch cords XLRM.<\/td><td class=\"column-4\">Picks up input signals from remote boxes and routes them to the (client's) digital stage box via XLRM patch cords.<\/td>\n<\/tr>\n<tr class=\"row-3\">\n\t<td class=\"column-1\">Salidas anal\u00f3gicas:<\/td><td class=\"column-2\">Analogue outputs:<\/td><td class=\"column-3\">Recoge las se\u00f1ales de entrada de cajas remotas y a\u00f1ade salidas anal\u00f3gicas aisladas o directas a trav\u00e9s de multiconectores.<\/td><td class=\"column-4\">Picks up the audio signals from the remote boxes and adds isolated or direct analog outputs via multi-connectors.<\/td>\n<\/tr>\n<tr class=\"row-4\">\n\t<td class=\"column-1\">Acr\u00f3nimo:<\/td><td class=\"column-2\">Acronym:<\/td><td class=\"column-3\">DR<\/td><td class=\"column-4\">DR<\/td>\n<\/tr>\n<\/tbody>\n<\/table>\n<!-- #tablepress-260 from cache -->\n<\/div><\/div><\/div><\/div><\/div>\n","protected":false},"excerpt":{"rendered":"<table class=\"box24\">\n<tbody>\n<tr>\n<td class=\"label\" colspan=\"2\">Digi Rack Box for gathering, patching and distributing all the stage audio signals to the stage box of one or several digital consoles.<\/td>\n<\/tr>\n<tr>\n<td class=\"label\">Features<\/td>\n<td class=\"value\">It provides speed and security in the connection, protection of the digital Stage box and individualized handling of preamps.<\/td>\n<\/tr>\n<tr>\n<td class=\"label\">Connectors<\/td>\n<td class=\"value\">Neutrik<\/td>\n<\/tr>\n<tr>\n<td class=\"label\">Cable &amp;\/or multicore<\/td>\n<td class=\"value\">Pinanson<\/td>\n<\/tr>\n<tr>\n<td class=\"label\">Place<\/td>\n<td class=\"value\">Rack screw mounting<\/td>\n<\/tr>\n<tr>\n<td class=\"label\">Format<\/td>\n<td class=\"value\">Box AR 19&#8221;<\/td>\n<\/tr>\n<tr>\n<td class=\"label\">Manufactured<\/td>\n<td class=\"value\">In Spain by Pinanson S.L.<\/td>\n<\/tr>\n<\/tbody>\n<\/table>\n<h4>RELATED BLOG POSTS<\/h4>\n<ul>\n<li><em><a href=\"https:\/\/pinanson.eu\/en\/touring-world-digi-rack-box-audio-distribution\/\">DIGI RACK BOX AUDIO DISTRIBUTION<\/a><\/em><\/li>\n<li><em><a href=\"https:\/\/pinanson.eu\/en\/audio-signals-on-stages-frequent-questions\/\">AUDIO SIGNALS ON STAGES, FREQUENT QUESTIONS<\/a><\/em><\/li>\n<li style=\"text-align: left;\"><em><a href=\"https:\/\/pinanson.eu\/en\/stage-spaces-world-opera-houses-around-the-world\/\">OPERA HOUSES AROUND THE WORLD<\/a><\/em><\/li>\n<li style=\"text-align: left;\"><em><a href=\"https:\/\/pinanson.eu\/en\/audio-distributors-with-or-without-transformers\/\">AUDIO DISTRIBUTORS, WITH OR WITHOUT TRANSFORMERS?<\/a><\/em><\/li>\n<\/ul>\n<p>&nbsp;<\/p>\n","protected":false},"featured_media":22558,"template":"","meta":{"_acf_changed":false,"_joinchat":[]},"product_brand":[],"product_cat":[2536,2240],"product_tag":[],"class_list":{"0":"post-3960","1":"product","2":"type-product","3":"status-publish","4":"has-post-thumbnail","6":"product_cat-analogue-audio-distributors","7":"product_cat-digitalnetworked-audio-distribution","8":"tm-no-options-pxq","10":"first","11":"instock","12":"taxable","13":"shipping-taxable","14":"product-type-simple"},"composite_virtual":false,"composite_layout":"","composite_add_to_cart_form_location":"","composite_editable_in_cart":false,"composite_sold_individually_context":"","composite_shop_price_calc":"","composite_components":[],"composite_scenarios":[],"acf":[],"yoast_head":"<!-- This site is optimized with the Yoast SEO plugin v27.2 - https:\/\/yoast.com\/product\/yoast-seo-wordpress\/ -->\n<title>Digi Rack Box - Pinanson<\/title>\n<meta name=\"description\" content=\"Digi Rack Box for gathering, patching and distributing all the stage audio signals to the stage box of one or several digital consoles. It provides speed and se\" \/>\n<meta name=\"robots\" content=\"index, follow, max-snippet:-1, max-image-preview:large, max-video-preview:-1\" \/>\n<link rel=\"canonical\" href=\"https:\/\/pinanson.eu\/en\/shop\/signal-distribution\/audio-distributors\/digitalnetworked-audio-distribution\/digi-rack-box\/\" \/>\n<meta property=\"og:locale\" content=\"en_US\" \/>\n<meta property=\"og:type\" content=\"article\" \/>\n<meta property=\"og:title\" content=\"Digi Rack Box - Pinanson\" \/>\n<meta property=\"og:description\" content=\"Digi Rack Box for gathering, patching and distributing all the stage audio signals to the stage box of one or several digital consoles. It provides speed and se\" \/>\n<meta property=\"og:url\" content=\"https:\/\/pinanson.eu\/en\/shop\/signal-distribution\/audio-distributors\/digitalnetworked-audio-distribution\/digi-rack-box\/\" \/>\n<meta property=\"og:site_name\" content=\"Pinanson\" \/>\n<meta property=\"article:modified_time\" content=\"2025-07-15T08:06:56+00:00\" \/>\n<meta property=\"og:image\" content=\"https:\/\/pinanson.eu\/wp-content\/uploads\/2017\/08\/IMG_5273-removebg-preview.jpg\" \/>\n\t<meta property=\"og:image:width\" content=\"612\" \/>\n\t<meta property=\"og:image:height\" content=\"612\" \/>\n\t<meta property=\"og:image:type\" content=\"image\/jpeg\" \/>\n<meta name=\"twitter:card\" content=\"summary_large_image\" \/>\n<meta name=\"twitter:label1\" content=\"Est. reading time\" \/>\n\t<meta name=\"twitter:data1\" content=\"1 minute\" \/>\n<script type=\"application\/ld+json\" class=\"yoast-schema-graph\">{\"@context\":\"https:\/\/schema.org\",\"@graph\":[{\"@type\":\"WebPage\",\"@id\":\"https:\/\/pinanson.eu\/en\/shop\/signal-distribution\/audio-distributors\/digitalnetworked-audio-distribution\/digi-rack-box\/\",\"url\":\"https:\/\/pinanson.eu\/en\/shop\/signal-distribution\/audio-distributors\/digitalnetworked-audio-distribution\/digi-rack-box\/\",\"name\":\"Digi Rack Box - Pinanson\",\"isPartOf\":{\"@id\":\"https:\/\/pinanson.eu\/#website\"},\"primaryImageOfPage\":{\"@id\":\"https:\/\/pinanson.eu\/en\/shop\/signal-distribution\/audio-distributors\/digitalnetworked-audio-distribution\/digi-rack-box\/#primaryimage\"},\"image\":{\"@id\":\"https:\/\/pinanson.eu\/en\/shop\/signal-distribution\/audio-distributors\/digitalnetworked-audio-distribution\/digi-rack-box\/#primaryimage\"},\"thumbnailUrl\":\"https:\/\/pinanson.eu\/wp-content\/uploads\/2017\/08\/IMG_5273-removebg-preview.jpg\",\"datePublished\":\"2017-08-03T13:55:46+00:00\",\"dateModified\":\"2025-07-15T08:06:56+00:00\",\"description\":\"Digi Rack Box for gathering, patching and distributing all the stage audio signals to the stage box of one or several digital consoles. It provides speed and se\",\"breadcrumb\":{\"@id\":\"https:\/\/pinanson.eu\/en\/shop\/signal-distribution\/audio-distributors\/digitalnetworked-audio-distribution\/digi-rack-box\/#breadcrumb\"},\"inLanguage\":\"en-US\",\"potentialAction\":[{\"@type\":\"ReadAction\",\"target\":[\"https:\/\/pinanson.eu\/en\/shop\/signal-distribution\/audio-distributors\/digitalnetworked-audio-distribution\/digi-rack-box\/\"]}]},{\"@type\":\"ImageObject\",\"inLanguage\":\"en-US\",\"@id\":\"https:\/\/pinanson.eu\/en\/shop\/signal-distribution\/audio-distributors\/digitalnetworked-audio-distribution\/digi-rack-box\/#primaryimage\",\"url\":\"https:\/\/pinanson.eu\/wp-content\/uploads\/2017\/08\/IMG_5273-removebg-preview.jpg\",\"contentUrl\":\"https:\/\/pinanson.eu\/wp-content\/uploads\/2017\/08\/IMG_5273-removebg-preview.jpg\",\"width\":612,\"height\":612,\"caption\":\"PTR0019\"},{\"@type\":\"BreadcrumbList\",\"@id\":\"https:\/\/pinanson.eu\/en\/shop\/signal-distribution\/audio-distributors\/digitalnetworked-audio-distribution\/digi-rack-box\/#breadcrumb\",\"itemListElement\":[{\"@type\":\"ListItem\",\"position\":1,\"name\":\"Home\",\"item\":\"https:\/\/pinanson.eu\/\"},{\"@type\":\"ListItem\",\"position\":2,\"name\":\"Shop\",\"item\":\"https:\/\/pinanson.eu\/en\/shop\/\"},{\"@type\":\"ListItem\",\"position\":3,\"name\":\"Digi Rack Box\"}]},{\"@type\":\"WebSite\",\"@id\":\"https:\/\/pinanson.eu\/#website\",\"url\":\"https:\/\/pinanson.eu\/\",\"name\":\"Pinanson\",\"description\":\"Connectivity Solutions\",\"publisher\":{\"@id\":\"https:\/\/pinanson.eu\/#organization\"},\"potentialAction\":[{\"@type\":\"SearchAction\",\"target\":{\"@type\":\"EntryPoint\",\"urlTemplate\":\"https:\/\/pinanson.eu\/?s={search_term_string}\"},\"query-input\":{\"@type\":\"PropertyValueSpecification\",\"valueRequired\":true,\"valueName\":\"search_term_string\"}}],\"inLanguage\":\"en-US\"},{\"@type\":\"Organization\",\"@id\":\"https:\/\/pinanson.eu\/#organization\",\"name\":\"Pinanson\",\"url\":\"https:\/\/pinanson.eu\/\",\"logo\":{\"@type\":\"ImageObject\",\"inLanguage\":\"en-US\",\"@id\":\"https:\/\/pinanson.eu\/#\/schema\/logo\/image\/\",\"url\":\"https:\/\/pinanson.eu\/wp-content\/uploads\/2017\/07\/LOGO_PINANSON_H60_Slogan_ES.png\",\"contentUrl\":\"https:\/\/pinanson.eu\/wp-content\/uploads\/2017\/07\/LOGO_PINANSON_H60_Slogan_ES.png\",\"width\":303,\"height\":60,\"caption\":\"Pinanson\"},\"image\":{\"@id\":\"https:\/\/pinanson.eu\/#\/schema\/logo\/image\/\"},\"sameAs\":[\"https:\/\/linkedin.com\/Pinanson\/\"]}]}<\/script>\n<!-- \/ Yoast SEO plugin. -->","yoast_head_json":{"title":"Digi Rack Box - Pinanson","description":"Digi Rack Box for gathering, patching and distributing all the stage audio signals to the stage box of one or several digital consoles. It provides speed and se","robots":{"index":"index","follow":"follow","max-snippet":"max-snippet:-1","max-image-preview":"max-image-preview:large","max-video-preview":"max-video-preview:-1"},"canonical":"https:\/\/pinanson.eu\/en\/shop\/signal-distribution\/audio-distributors\/digitalnetworked-audio-distribution\/digi-rack-box\/","og_locale":"en_US","og_type":"article","og_title":"Digi Rack Box - Pinanson","og_description":"Digi Rack Box for gathering, patching and distributing all the stage audio signals to the stage box of one or several digital consoles. It provides speed and se","og_url":"https:\/\/pinanson.eu\/en\/shop\/signal-distribution\/audio-distributors\/digitalnetworked-audio-distribution\/digi-rack-box\/","og_site_name":"Pinanson","article_modified_time":"2025-07-15T08:06:56+00:00","og_image":[{"width":612,"height":612,"url":"https:\/\/pinanson.eu\/wp-content\/uploads\/2017\/08\/IMG_5273-removebg-preview.jpg","type":"image\/jpeg"}],"twitter_card":"summary_large_image","twitter_misc":{"Est. reading time":"1 minute"},"schema":{"@context":"https:\/\/schema.org","@graph":[{"@type":"WebPage","@id":"https:\/\/pinanson.eu\/en\/shop\/signal-distribution\/audio-distributors\/digitalnetworked-audio-distribution\/digi-rack-box\/","url":"https:\/\/pinanson.eu\/en\/shop\/signal-distribution\/audio-distributors\/digitalnetworked-audio-distribution\/digi-rack-box\/","name":"Digi Rack Box - Pinanson","isPartOf":{"@id":"https:\/\/pinanson.eu\/#website"},"primaryImageOfPage":{"@id":"https:\/\/pinanson.eu\/en\/shop\/signal-distribution\/audio-distributors\/digitalnetworked-audio-distribution\/digi-rack-box\/#primaryimage"},"image":{"@id":"https:\/\/pinanson.eu\/en\/shop\/signal-distribution\/audio-distributors\/digitalnetworked-audio-distribution\/digi-rack-box\/#primaryimage"},"thumbnailUrl":"https:\/\/pinanson.eu\/wp-content\/uploads\/2017\/08\/IMG_5273-removebg-preview.jpg","datePublished":"2017-08-03T13:55:46+00:00","dateModified":"2025-07-15T08:06:56+00:00","description":"Digi Rack Box for gathering, patching and distributing all the stage audio signals to the stage box of one or several digital consoles. It provides speed and se","breadcrumb":{"@id":"https:\/\/pinanson.eu\/en\/shop\/signal-distribution\/audio-distributors\/digitalnetworked-audio-distribution\/digi-rack-box\/#breadcrumb"},"inLanguage":"en-US","potentialAction":[{"@type":"ReadAction","target":["https:\/\/pinanson.eu\/en\/shop\/signal-distribution\/audio-distributors\/digitalnetworked-audio-distribution\/digi-rack-box\/"]}]},{"@type":"ImageObject","inLanguage":"en-US","@id":"https:\/\/pinanson.eu\/en\/shop\/signal-distribution\/audio-distributors\/digitalnetworked-audio-distribution\/digi-rack-box\/#primaryimage","url":"https:\/\/pinanson.eu\/wp-content\/uploads\/2017\/08\/IMG_5273-removebg-preview.jpg","contentUrl":"https:\/\/pinanson.eu\/wp-content\/uploads\/2017\/08\/IMG_5273-removebg-preview.jpg","width":612,"height":612,"caption":"PTR0019"},{"@type":"BreadcrumbList","@id":"https:\/\/pinanson.eu\/en\/shop\/signal-distribution\/audio-distributors\/digitalnetworked-audio-distribution\/digi-rack-box\/#breadcrumb","itemListElement":[{"@type":"ListItem","position":1,"name":"Home","item":"https:\/\/pinanson.eu\/"},{"@type":"ListItem","position":2,"name":"Shop","item":"https:\/\/pinanson.eu\/en\/shop\/"},{"@type":"ListItem","position":3,"name":"Digi Rack Box"}]},{"@type":"WebSite","@id":"https:\/\/pinanson.eu\/#website","url":"https:\/\/pinanson.eu\/","name":"Pinanson","description":"Connectivity Solutions","publisher":{"@id":"https:\/\/pinanson.eu\/#organization"},"potentialAction":[{"@type":"SearchAction","target":{"@type":"EntryPoint","urlTemplate":"https:\/\/pinanson.eu\/?s={search_term_string}"},"query-input":{"@type":"PropertyValueSpecification","valueRequired":true,"valueName":"search_term_string"}}],"inLanguage":"en-US"},{"@type":"Organization","@id":"https:\/\/pinanson.eu\/#organization","name":"Pinanson","url":"https:\/\/pinanson.eu\/","logo":{"@type":"ImageObject","inLanguage":"en-US","@id":"https:\/\/pinanson.eu\/#\/schema\/logo\/image\/","url":"https:\/\/pinanson.eu\/wp-content\/uploads\/2017\/07\/LOGO_PINANSON_H60_Slogan_ES.png","contentUrl":"https:\/\/pinanson.eu\/wp-content\/uploads\/2017\/07\/LOGO_PINANSON_H60_Slogan_ES.png","width":303,"height":60,"caption":"Pinanson"},"image":{"@id":"https:\/\/pinanson.eu\/#\/schema\/logo\/image\/"},"sameAs":["https:\/\/linkedin.com\/Pinanson\/"]}]}},"_links":{"self":[{"href":"https:\/\/pinanson.eu\/en\/wp-json\/wp\/v2\/product\/3960","targetHints":{"allow":["GET"]}}],"collection":[{"href":"https:\/\/pinanson.eu\/en\/wp-json\/wp\/v2\/product"}],"about":[{"href":"https:\/\/pinanson.eu\/en\/wp-json\/wp\/v2\/types\/product"}],"wp:featuredmedia":[{"embeddable":true,"href":"https:\/\/pinanson.eu\/en\/wp-json\/wp\/v2\/media\/22558"}],"wp:attachment":[{"href":"https:\/\/pinanson.eu\/en\/wp-json\/wp\/v2\/media?parent=3960"}],"wp:term":[{"taxonomy":"product_brand","embeddable":true,"href":"https:\/\/pinanson.eu\/en\/wp-json\/wp\/v2\/product_brand?post=3960"},{"taxonomy":"product_cat","embeddable":true,"href":"https:\/\/pinanson.eu\/en\/wp-json\/wp\/v2\/product_cat?post=3960"},{"taxonomy":"product_tag","embeddable":true,"href":"https:\/\/pinanson.eu\/en\/wp-json\/wp\/v2\/product_tag?post=3960"}],"curies":[{"name":"wp","href":"https:\/\/api.w.org\/{rel}","templated":true}]}}